{"id":879,"date":"2025-03-14T14:06:03","date_gmt":"2025-03-14T13:06:03","guid":{"rendered":"https:\/\/dfmceramique.fr\/?page_id=879"},"modified":"2025-03-14T16:39:51","modified_gmt":"2025-03-14T15:39:51","slug":"theiere-2","status":"publish","type":"page","link":"https:\/\/dfmceramique.fr\/index.php\/archives\/theiere-2\/","title":{"rendered":"Th\u00e9iere"},"content":{"rendered":"\n<h2 class=\"wp-block-heading has-text-align-center\"><strong>Th\u00e9i\u00e8re<\/strong><\/h2>\n\n\n\n<div class=\"wp-block-columns is-layout-flex wp-container-core-columns-is-layout-4e25967d wp-block-columns-is-layout-flex\" style=\"padding-right:var(--wp--preset--spacing--10);padding-left:var(--wp--preset--spacing--10)\">\n<div class=\"wp-block-column is-layout-flow wp-block-column-is-layout-flow\" style=\"flex-basis:15%\"><\/div>\n\n\n\n<div class=\"wp-block-column is-layout-flow wp-block-column-is-layout-flow\" style=\"flex-basis:34.5%\">\n<figure data-wp-context=\"{&quot;imageId&quot;:&quot;69fef01170e16&quot;}\" data-wp-interactive=\"core\/image\" data-wp-key=\"69fef01170e16\" class=\"wp-block-image alignleft size-full has-custom-border wp-lightbox-container\"><img loading=\"lazy\" decoding=\"async\" width=\"600\" height=\"423\" data-wp-class--hide=\"state.isContentHidden\" data-wp-class--show=\"state.isContentVisible\" data-wp-init=\"callbacks.setButtonStyles\" data-wp-on--click=\"actions.showLightbox\" data-wp-on--load=\"callbacks.setButtonStyles\" data-wp-on-window--resize=\"callbacks.setButtonStyles\" src=\"https:\/\/dfmceramique.fr\/wp-content\/uploads\/2025\/03\/theiere.jpg\" alt=\"\" class=\"wp-image-860\" style=\"border-width:2px\" srcset=\"https:\/\/dfmceramique.fr\/wp-content\/uploads\/2025\/03\/theiere.jpg 600w, https:\/\/dfmceramique.fr\/wp-content\/uploads\/2025\/03\/theiere-300x212.jpg 300w\" sizes=\"auto, (max-width: 600px) 100vw, 600px\" \/><button\n\t\t\tclass=\"lightbox-trigger\"\n\t\t\ttype=\"button\"\n\t\t\taria-haspopup=\"dialog\"\n\t\t\taria-label=\"Agrandir\"\n\t\t\tdata-wp-init=\"callbacks.initTriggerButton\"\n\t\t\tdata-wp-on--click=\"actions.showLightbox\"\n\t\t\tdata-wp-style--right=\"state.imageButtonRight\"\n\t\t\tdata-wp-style--top=\"state.imageButtonTop\"\n\t\t>\n\t\t\t<svg xmlns=\"http:\/\/www.w3.org\/2000\/svg\" width=\"12\" height=\"12\" fill=\"none\" viewBox=\"0 0 12 12\">\n\t\t\t\t<path fill=\"#fff\" d=\"M2 0a2 2 0 0 0-2 2v2h1.5V2a.5.5 0 0 1 .5-.5h2V0H2Zm2 10.5H2a.5.5 0 0 1-.5-.5V8H0v2a2 2 0 0 0 2 2h2v-1.5ZM8 12v-1.5h2a.5.5 0 0 0 .5-.5V8H12v2a2 2 0 0 1-2 2H8Zm2-12a2 2 0 0 1 2 2v2h-1.5V2a.5.5 0 0 0-.5-.5H8V0h2Z\" \/>\n\t\t\t<\/svg>\n\t\t<\/button><\/figure>\n<\/div>\n\n\n\n<div class=\"wp-block-column is-layout-flow wp-block-column-is-layout-flow\" style=\"flex-basis:25%\">\n<figure data-wp-context=\"{&quot;imageId&quot;:&quot;69fef011716e1&quot;}\" data-wp-interactive=\"core\/image\" data-wp-key=\"69fef011716e1\" class=\"wp-block-image alignright size-full has-custom-border wp-lightbox-container\"><img loading=\"lazy\" decoding=\"async\" width=\"400\" height=\"400\" data-wp-class--hide=\"state.isContentHidden\" data-wp-class--show=\"state.isContentVisible\" data-wp-init=\"callbacks.setButtonStyles\" data-wp-on--click=\"actions.showLightbox\" data-wp-on--load=\"callbacks.setButtonStyles\" data-wp-on-window--resize=\"callbacks.setButtonStyles\" src=\"https:\/\/dfmceramique.fr\/wp-content\/uploads\/2025\/03\/theiere_9.jpg\" alt=\"\" class=\"wp-image-884\" style=\"border-width:2px\" srcset=\"https:\/\/dfmceramique.fr\/wp-content\/uploads\/2025\/03\/theiere_9.jpg 400w, https:\/\/dfmceramique.fr\/wp-content\/uploads\/2025\/03\/theiere_9-300x300.jpg 300w, https:\/\/dfmceramique.fr\/wp-content\/uploads\/2025\/03\/theiere_9-150x150.jpg 150w\" sizes=\"auto, (max-width: 400px) 100vw, 400px\" \/><button\n\t\t\tclass=\"lightbox-trigger\"\n\t\t\ttype=\"button\"\n\t\t\taria-haspopup=\"dialog\"\n\t\t\taria-label=\"Agrandir\"\n\t\t\tdata-wp-init=\"callbacks.initTriggerButton\"\n\t\t\tdata-wp-on--click=\"actions.showLightbox\"\n\t\t\tdata-wp-style--right=\"state.imageButtonRight\"\n\t\t\tdata-wp-style--top=\"state.imageButtonTop\"\n\t\t>\n\t\t\t<svg xmlns=\"http:\/\/www.w3.org\/2000\/svg\" width=\"12\" height=\"12\" fill=\"none\" viewBox=\"0 0 12 12\">\n\t\t\t\t<path fill=\"#fff\" d=\"M2 0a2 2 0 0 0-2 2v2h1.5V2a.5.5 0 0 1 .5-.5h2V0H2Zm2 10.5H2a.5.5 0 0 1-.5-.5V8H0v2a2 2 0 0 0 2 2h2v-1.5ZM8 12v-1.5h2a.5.5 0 0 0 .5-.5V8H12v2a2 2 0 0 1-2 2H8Zm2-12a2 2 0 0 1 2 2v2h-1.5V2a.5.5 0 0 0-.5-.5H8V0h2Z\" \/>\n\t\t\t<\/svg>\n\t\t<\/button><\/figure>\n<\/div>\n\n\n\n<div class=\"wp-block-column is-layout-flow wp-block-column-is-layout-flow\" style=\"flex-basis:25%\"><\/div>\n<\/div>\n\n\n\n<p class=\"has-text-align-center\"><a href=\"https:\/\/www.carouge.ch\/concours-ceramique\" target=\"_blank\" rel=\"noreferrer noopener\">7<sup>\u00e8me <\/sup>Concours International de C\u00e9ramique &#8211; Mus\u00e9e de Carouge (Suisse) -1999<\/a><\/p>\n\n\n\n<div style=\"height:25px\" aria-hidden=\"true\" class=\"wp-block-spacer\"><\/div>\n\n\n\n<figure class=\"wp-block-image aligncenter size-full\"><img loading=\"lazy\" decoding=\"async\" width=\"400\" height=\"438\" src=\"https:\/\/dfmceramique.fr\/wp-content\/uploads\/2025\/03\/carouge_1999.jpg\" alt=\"\" class=\"wp-image-888\" srcset=\"https:\/\/dfmceramique.fr\/wp-content\/uploads\/2025\/03\/carouge_1999.jpg 400w, https:\/\/dfmceramique.fr\/wp-content\/uploads\/2025\/03\/carouge_1999-274x300.jpg 274w\" sizes=\"auto, (max-width: 400px) 100vw, 400px\" \/><\/figure>\n","protected":false},"excerpt":{"rendered":"<p>Th\u00e9i\u00e8re 7\u00e8me Concours International de C\u00e9ramique &#8211; Mus\u00e9e de Carouge (Suisse) -1999<\/p>\n","protected":false},"author":1,"featured_media":0,"parent":214,"menu_order":0,"comment_status":"closed","ping_status":"closed","template":"","meta":{"footnotes":""},"class_list":["post-879","page","type-page","status-publish","hentry"],"_links":{"self":[{"href":"https:\/\/dfmceramique.fr\/index.php\/wp-json\/wp\/v2\/pages\/879","targetHints":{"allow":["GET"]}}],"collection":[{"href":"https:\/\/dfmceramique.fr\/index.php\/wp-json\/wp\/v2\/pages"}],"about":[{"href":"https:\/\/dfmceramique.fr\/index.php\/wp-json\/wp\/v2\/types\/page"}],"author":[{"embeddable":true,"href":"https:\/\/dfmceramique.fr\/index.php\/wp-json\/wp\/v2\/users\/1"}],"replies":[{"embeddable":true,"href":"https:\/\/dfmceramique.fr\/index.php\/wp-json\/wp\/v2\/comments?post=879"}],"version-history":[{"count":16,"href":"https:\/\/dfmceramique.fr\/index.php\/wp-json\/wp\/v2\/pages\/879\/revisions"}],"predecessor-version":[{"id":955,"href":"https:\/\/dfmceramique.fr\/index.php\/wp-json\/wp\/v2\/pages\/879\/revisions\/955"}],"up":[{"embeddable":true,"href":"https:\/\/dfmceramique.fr\/index.php\/wp-json\/wp\/v2\/pages\/214"}],"wp:attachment":[{"href":"https:\/\/dfmceramique.fr\/index.php\/wp-json\/wp\/v2\/media?parent=879"}],"curies":[{"name":"wp","href":"https:\/\/api.w.org\/{rel}","templated":true}]}}