{"id":325,"date":"2024-10-24T16:07:03","date_gmt":"2024-10-24T14:07:03","guid":{"rendered":"https:\/\/dfmceramique.fr\/?page_id=325"},"modified":"2025-04-22T19:33:39","modified_gmt":"2025-04-22T17:33:39","slug":"contact","status":"publish","type":"page","link":"https:\/\/dfmceramique.fr\/index.php\/contact\/","title":{"rendered":"Contact"},"content":{"rendered":"\n<div style=\"height:2em\" aria-hidden=\"true\" class=\"wp-block-spacer\"><\/div>\n\n\n\n<p class=\"has-text-color has-link-color wp-elements-26eac353ef2581931e181eb5ab4d64dd\" style=\"color:#767676;padding-right:2em;padding-left:2em\">Pour plus d&rsquo;informations, vous pouvez :<\/p>\n\n\n\n<p class=\"has-text-color has-link-color wp-elements-654ad75bc6dd114e3f0509d1d43647c6\" style=\"color:#767676;padding-left:4em\">&nbsp;&nbsp;&nbsp;&nbsp;&nbsp;<em>\u00b7<\/em> la contacter par mail : <a href=\"mailto: danielle.fabre@orange.fr\">danielle.fabre@orange.fr<\/a><\/p>\n\n\n\n<p class=\"has-text-color has-link-color wp-elements-a55b829aa8400381a487bab43285b621\" style=\"color:#767676;padding-left:5em\">&nbsp;&nbsp;&nbsp;&nbsp;&nbsp;&nbsp;&nbsp;&nbsp;&nbsp;&nbsp;&nbsp;&nbsp; ou par t\u00e9l\u00e9phone : +33 (0)6 33 55 55 09<\/p>\n\n\n\n<p class=\"has-text-color has-link-color wp-elements-ca15b6319b49aaeb82cbae1d3c6344eb\" style=\"color:#767676;padding-left:4em\">&nbsp;&nbsp;&nbsp;&nbsp;&nbsp;<em>\u00b7<\/em> la rencontrer \u00e0 son atelier \u00e0 Mont\u00e9limar sur rendez-vous<\/p>\n\n\n\n<p class=\"has-text-color has-link-color wp-elements-915622874bccc3d2d7744ad3f75012ce\" style=\"color:#767676;padding-left:5em\">\u00a0\u00a0\u00a0\u00a0\u00a0\u00a0\u00a0\u00a0\u00a0\u00a0\u00a0\u00a0 ou lors d&rsquo;\u00e9v\u00e8nements &#8211; voir l&rsquo;onglet <a href=\"https:\/\/dfmceramique.fr\/index.php\/actualites\/\" data-type=\"page\" data-id=\"218\">actualit\u00e9s<\/a>.<\/p>\n\n\n\n<p class=\"has-text-color has-link-color wp-elements-0468742acd38aa109ff971c2dd4321ec\" style=\"color:#767676;padding-right:0px;padding-left:110px\"><\/p>\n\n\n\n<div style=\"height:2em\" aria-hidden=\"true\" class=\"wp-block-spacer\"><\/div>\n\n\n\n<p class=\"has-text-color has-link-color wp-elements-9adf5f1a861282acbbc98159436babfa\" style=\"color:#767676;padding-right:100px;padding-left:100px\">&nbsp;&nbsp;&nbsp;&nbsp;&nbsp;<\/p>\n\n\n\n<p class=\"has-text-color has-link-color wp-elements-c0f571d3e8fb2329fed07441cfb07178\" style=\"color:#767676;padding-right:100px;padding-left:100px\">&nbsp;&nbsp;&nbsp;&nbsp;&nbsp;&nbsp;&nbsp;&nbsp;&nbsp;&nbsp;&nbsp;&nbsp;&nbsp;&nbsp;&nbsp;&nbsp;&nbsp;&nbsp;<em>\u00b7<\/em> <\/p>\n\n\n\n<p class=\"has-text-color has-link-color wp-elements-de23c6656a6cae526c8e0e702e6434bd\" style=\"color:#767676;padding-right:100px;padding-left:100px\">&nbsp;&nbsp;&nbsp;&nbsp;&nbsp;&nbsp;&nbsp;&nbsp;&nbsp;&nbsp;&nbsp;&nbsp;&nbsp;&nbsp;&nbsp;&nbsp;&nbsp;&nbsp;<\/p>\n\n\n\n<p class=\"has-text-color has-link-color wp-elements-af55430ed0e9dc04f206b51a432646f2\" style=\"color:#767676;padding-right:100px;padding-left:100px\">&nbsp;&nbsp;&nbsp;&nbsp;&nbsp;&nbsp;&nbsp;&nbsp;&nbsp;&nbsp;&nbsp;&nbsp;&nbsp;&nbsp;&nbsp;&nbsp;<\/p>\n\n\n\n<p><\/p>\n","protected":false},"excerpt":{"rendered":"<p>Pour plus d&rsquo;informations, vous pouvez : &nbsp;&nbsp;&nbsp;&nbsp;&nbsp;\u00b7 la contacter par mail : danielle.fabre@orange.fr &nbsp;&nbsp;&nbsp;&nbsp;&nbsp;&nbsp;&nbsp;&nbsp;&nbsp;&nbsp;&nbsp;&nbsp; ou par t\u00e9l\u00e9phone : +33 (0)6 33 55 55 09 &nbsp;&nbsp;&nbsp;&nbsp;&nbsp;\u00b7 la rencontrer \u00e0 son atelier \u00e0 Mont\u00e9limar sur rendez-vous \u00a0\u00a0\u00a0\u00a0\u00a0\u00a0\u00a0\u00a0\u00a0\u00a0\u00a0\u00a0 ou lors d&rsquo;\u00e9v\u00e8nements &#8211; voir l&rsquo;onglet actualit\u00e9s. &nbsp;&nbsp;&nbsp;&nbsp;&nbsp; &nbsp;&nbsp;&nbsp;&nbsp;&nbsp;&nbsp;&nbsp;&nbsp;&nbsp;&nbsp;&nbsp;&nbsp;&nbsp;&nbsp;&nbsp;&nbsp;&nbsp;&nbsp;\u00b7 &nbsp;&nbsp;&nbsp;&nbsp;&nbsp;&nbsp;&nbsp;&nbsp;&nbsp;&nbsp;&nbsp;&nbsp;&nbsp;&nbsp;&nbsp;&nbsp;&nbsp;&nbsp; &nbsp;&nbsp;&nbsp;&nbsp;&nbsp;&nbsp;&nbsp;&nbsp;&nbsp;&nbsp;&nbsp;&nbsp;&nbsp;&nbsp;&nbsp;&nbsp;<\/p>\n","protected":false},"author":1,"featured_media":0,"parent":0,"menu_order":0,"comment_status":"closed","ping_status":"closed","template":"","meta":{"footnotes":""},"class_list":["post-325","page","type-page","status-publish","hentry"],"_links":{"self":[{"href":"https:\/\/dfmceramique.fr\/index.php\/wp-json\/wp\/v2\/pages\/325","targetHints":{"allow":["GET"]}}],"collection":[{"href":"https:\/\/dfmceramique.fr\/index.php\/wp-json\/wp\/v2\/pages"}],"about":[{"href":"https:\/\/dfmceramique.fr\/index.php\/wp-json\/wp\/v2\/types\/page"}],"author":[{"embeddable":true,"href":"https:\/\/dfmceramique.fr\/index.php\/wp-json\/wp\/v2\/users\/1"}],"replies":[{"embeddable":true,"href":"https:\/\/dfmceramique.fr\/index.php\/wp-json\/wp\/v2\/comments?post=325"}],"version-history":[{"count":40,"href":"https:\/\/dfmceramique.fr\/index.php\/wp-json\/wp\/v2\/pages\/325\/revisions"}],"predecessor-version":[{"id":1093,"href":"https:\/\/dfmceramique.fr\/index.php\/wp-json\/wp\/v2\/pages\/325\/revisions\/1093"}],"wp:attachment":[{"href":"https:\/\/dfmceramique.fr\/index.php\/wp-json\/wp\/v2\/media?parent=325"}],"curies":[{"name":"wp","href":"https:\/\/api.w.org\/{rel}","templated":true}]}}