{"id":221,"date":"2024-10-11T18:21:55","date_gmt":"2024-10-11T16:21:55","guid":{"rendered":"https:\/\/dfmceramique.fr\/?page_id=221"},"modified":"2025-04-22T19:21:11","modified_gmt":"2025-04-22T17:21:11","slug":"cv","status":"publish","type":"page","link":"https:\/\/dfmceramique.fr\/index.php\/cv\/","title":{"rendered":"CV"},"content":{"rendered":"\n<div style=\"height:2em\" aria-hidden=\"true\" class=\"wp-block-spacer\"><\/div>\n\n\n\n<p class=\"has-text-align-justify\" style=\"padding-bottom:0\">Danielle FABRE vit et travaille \u00e0 Mont\u00e9limar (Dr\u00f4me). <\/p>\n\n\n\n<p class=\"has-text-align-justify\" style=\"padding-bottom:0\">Elle a fait des \u00e9tudes scientifiques (agr\u00e9gation de math\u00e9matiques). Sa rencontre avec la terre a lieu en 1993.<\/p>\n\n\n\n<p class=\"has-text-align-justify\" style=\"padding-bottom:1%\">Autodidacte, elle a, par ailleurs, suivi des stages de tournage, de d\u00e9coration sur c\u00e9ramique et de dorure \u00e0 la feuille.<\/p>\n\n\n\n<p class=\"has-text-align-justify\" style=\"padding-top:0.3rem;padding-bottom:0.3rem\">Elle re\u00e7oit le prix <a href=\"http:\/\/derbre.com\" data-type=\"link\" data-id=\"derbre.com\" target=\"_blank\" rel=\"noreferrer noopener\">Louis Derbr\u00e9<\/a>, premier prix de sculpture, remis par l&rsquo;artiste \u00e0 l&rsquo;exposition d&rsquo;art d&rsquo;Ern\u00e9e (Mayenne, France) en 1997.<\/p>\n\n\n\n<p>Son travail est s\u00e9lectionn\u00e9 pour participer :<\/p>\n\n\n\n<ul class=\"wp-block-list is-style-default\">\n<li style=\"margin-right:var(--wp--preset--spacing--20);margin-left:var(--wp--preset--spacing--20)\">au Sixth Taiwan Golden Ceramics Awards de Taipei (Taiwan) en 2000.<\/li>\n\n\n\n<li style=\"margin-right:var(--wp--preset--spacing--20);margin-left:var(--wp--preset--spacing--20)\">au Concours International de C\u00e9ramique de Carouge&nbsp; (Suisse) en 1999 et en 2007<\/li>\n<\/ul>\n\n\n\n<p style=\"padding-top:0em;padding-bottom:0em\">En 2023, elle est \u00e9galement choisie par <a href=\"https:\/\/www.rivage-hotel.com\/\" target=\"_blank\" rel=\"noreferrer noopener\">Rivage H\u00f4tel &amp; Spa<\/a>, h\u00f4tel quatre \u00e9toiles des bords du lac d&rsquo;Annecy (Haute Savoie, France), pour que ses \u0153uvres d\u00e9corent les suites.<\/p>\n\n\n\n<div style=\"height:2em\" aria-hidden=\"true\" class=\"wp-block-spacer\"><\/div>\n\n\n\n<p><strong>Expositions collectives&nbsp;<\/strong><\/p>\n\n\n\n<ul class=\"wp-block-list\">\n<li style=\"margin-right:var(--wp--preset--spacing--30);margin-left:var(--wp--preset--spacing--30)\">Exposition estivale d&rsquo;Art \u00e0 Saint Andr\u00e9 de Bag\u00e9 (Ain, France) en 2024<\/li>\n\n\n\n<li style=\"margin-right:var(--wp--preset--spacing--30);margin-left:var(--wp--preset--spacing--30)\">Journ\u00e9es Europ\u00e9ennes des M\u00e9tiers d\u2019Art \u00e0 Mont\u00e9limar (Dr\u00f4me, France) en 2024<\/li>\n\n\n\n<li style=\"margin-right:var(--wp--preset--spacing--30);margin-left:var(--wp--preset--spacing--30)\">Exposition d&rsquo;art de Marsanne (Dr\u00f4me, France) en 2023<\/li>\n\n\n\n<li style=\"margin-right:var(--wp--preset--spacing--30);margin-left:var(--wp--preset--spacing--30)\">Atelier de l&rsquo;artiste calligraphe Patrick Cutt\u00e9 \u00e0 Montvalen (Tarn, France) en 2014<\/li>\n\n\n\n<li style=\"margin-right:var(--wp--preset--spacing--30);margin-left:var(--wp--preset--spacing--30)\">Galerie \u00ab\u00a0Atelier Luca\u00a0\u00bb, Dieulefit (Dr\u00f4me, France) en 2003<\/li>\n\n\n\n<li style=\"margin-right:var(--wp--preset--spacing--30);margin-left:var(--wp--preset--spacing--30)\">40<sup>\u00e8me<\/sup> Exposition d\u2019Art d\u2019Ern\u00e9e (Mayenne, France) en 1999<\/li>\n<\/ul>\n\n\n\n<p><strong>Expositions personnelles&nbsp;<\/strong><\/p>\n\n\n\n<ul class=\"wp-block-list\">\n<li style=\"margin-right:var(--wp--preset--spacing--30);margin-left:var(--wp--preset--spacing--30)\">Atelier de l\u2019architecte d\u2019int\u00e9rieur Mathilde Garrione \u00e0 Mont\u00e9limar (Dr\u00f4me, France) en 2022-2023<\/li>\n\n\n\n<li style=\"margin-right:var(--wp--preset--spacing--30);margin-left:var(--wp--preset--spacing--30)\">Galerie \u00ab\u00a0The Gallery\u00a0\u00bb, 9 place des Vosges, Paris (France) en 2001-2002<\/li>\n\n\n\n<li style=\"margin-right:var(--wp--preset--spacing--30);margin-left:var(--wp--preset--spacing--30)\">Galerie \u00ab\u00a0Atelier Luca\u00a0\u00bb, Dieulefit (Dr\u00f4me, France) en 2001<\/li>\n<\/ul>\n\n\n\n<p><\/p>\n\n\n\n<p><\/p>\n\n\n\n<p><\/p>\n\n\n\n<div style=\"height:91px\" aria-hidden=\"true\" class=\"wp-block-spacer\"><\/div>\n","protected":false},"excerpt":{"rendered":"<p>Danielle FABRE vit et travaille \u00e0 Mont\u00e9limar (Dr\u00f4me). Elle a fait des \u00e9tudes scientifiques (agr\u00e9gation de math\u00e9matiques). Sa rencontre avec la terre a lieu en 1993. Autodidacte, elle a, par ailleurs, suivi des stages de tournage, de d\u00e9coration sur c\u00e9ramique et de dorure \u00e0 la feuille. Elle re\u00e7oit le prix Louis Derbr\u00e9, premier prix de [&hellip;]<\/p>\n","protected":false},"author":1,"featured_media":0,"parent":0,"menu_order":0,"comment_status":"closed","ping_status":"closed","template":"","meta":{"footnotes":""},"class_list":["post-221","page","type-page","status-publish","hentry"],"_links":{"self":[{"href":"https:\/\/dfmceramique.fr\/index.php\/wp-json\/wp\/v2\/pages\/221","targetHints":{"allow":["GET"]}}],"collection":[{"href":"https:\/\/dfmceramique.fr\/index.php\/wp-json\/wp\/v2\/pages"}],"about":[{"href":"https:\/\/dfmceramique.fr\/index.php\/wp-json\/wp\/v2\/types\/page"}],"author":[{"embeddable":true,"href":"https:\/\/dfmceramique.fr\/index.php\/wp-json\/wp\/v2\/users\/1"}],"replies":[{"embeddable":true,"href":"https:\/\/dfmceramique.fr\/index.php\/wp-json\/wp\/v2\/comments?post=221"}],"version-history":[{"count":56,"href":"https:\/\/dfmceramique.fr\/index.php\/wp-json\/wp\/v2\/pages\/221\/revisions"}],"predecessor-version":[{"id":1086,"href":"https:\/\/dfmceramique.fr\/index.php\/wp-json\/wp\/v2\/pages\/221\/revisions\/1086"}],"wp:attachment":[{"href":"https:\/\/dfmceramique.fr\/index.php\/wp-json\/wp\/v2\/media?parent=221"}],"curies":[{"name":"wp","href":"https:\/\/api.w.org\/{rel}","templated":true}]}}