{"id":218,"date":"2024-10-22T15:34:44","date_gmt":"2024-10-22T13:34:44","guid":{"rendered":"https:\/\/dfmceramique.fr\/?page_id=218"},"modified":"2026-04-19T16:48:45","modified_gmt":"2026-04-19T14:48:45","slug":"actualites","status":"publish","type":"page","link":"https:\/\/dfmceramique.fr\/index.php\/actualites\/","title":{"rendered":"Actualites"},"content":{"rendered":"\n<div class=\"wp-block-group has-contrast-2-color has-text-color has-link-color wp-elements-2ef42d5a4006bf70e4a76659a1e8dbed has-global-padding is-content-justification-left is-layout-constrained wp-container-core-group-is-layout-3d9bb2dd wp-block-group-is-layout-constrained\" style=\"padding-top:0;padding-right:var(--wp--preset--spacing--50);padding-bottom:0;padding-left:var(--wp--preset--spacing--50)\">\n<div style=\"height:49px\" aria-hidden=\"true\" class=\"wp-block-spacer\"><\/div>\n\n\n\n<p class=\"has-medium-font-size\" style=\"text-transform:uppercase\"><strong><em>Derni\u00e8res informations<\/em><\/strong><\/p>\n\n\n\n<p>Son travail est \u00e0 retrouver :<\/p>\n\n\n\n<p>\u00a0\u00a0\u00a0\u00a0\u00a0\u00a0\u00a0\u00a0\u00a0\u00a0\u00a0\u00a0\u00a0\u00a0\u00a0\u00a0\u00a0\u00a0&nbsp;&nbsp;<em>\u00b7<\/em> \u00e0 la galerie <a href=\"https:\/\/www.virginielesage.com\/\" target=\"_blank\" rel=\"noreferrer noopener\">Virginie Lesage<\/a> \u00e0 Paris (8, rue du Tr\u00e9sor) \u00e0 partir d&rsquo;avril 2026.<\/p>\n\n\n\n<p>\u00a0\u00a0\u00a0\u00a0\u00a0\u00a0\u00a0\u00a0\u00a0\u00a0\u00a0\u00a0\u00a0\u00a0\u00a0  \u00a0\u00a0\u00a0<em>\u00b7<\/em> \u00e0 la galerie Nano \u00e0 Marsanne (Dr\u00f4me) de d\u00e9but ao\u00fbt \u00e0 fin novembre 2026.<\/p>\n\n\n\n<p>Elle sera pr\u00e9sente :<\/p>\n\n\n\n<p>\u00a0\u00a0\u00a0\u00a0\u00a0\u00a0\u00a0\u00a0\u00a0\u00a0\u00a0\u00a0\u00a0\u00a0\u00a0\u00a0\u00a0\u00a0&nbsp;&nbsp;<em>\u00b7<\/em> au march\u00e9 potier de l&rsquo;Isle-sur-la-Sorgue (Vaucluse) le 11 juillet 2026.<\/p>\n\n\n\n<p>\u00a0\u00a0\u00a0\u00a0\u00a0\u00a0\u00a0\u00a0\u00a0\u00a0\u00a0\u00a0\u00a0\u00a0\u00a0\u00a0\u00a0\u00a0  <em>\u00b7<\/em> au march\u00e9 potier de Barjac (Gard) le 30 juillet 2026.<\/p>\n<\/div>\n\n\n\n<p><\/p>\n\n\n\n<p>&nbsp;&nbsp;&nbsp;<\/p>\n\n\n\n<p><\/p>\n","protected":false},"excerpt":{"rendered":"<p>Derni\u00e8res informations Son travail est \u00e0 retrouver : \u00a0\u00a0\u00a0\u00a0\u00a0\u00a0\u00a0\u00a0\u00a0\u00a0\u00a0\u00a0\u00a0\u00a0\u00a0\u00a0\u00a0\u00a0&nbsp;&nbsp;\u00b7 \u00e0 la galerie Virginie Lesage \u00e0 Paris (8, rue du Tr\u00e9sor) \u00e0 partir d&rsquo;avril 2026. \u00a0\u00a0\u00a0\u00a0\u00a0\u00a0\u00a0\u00a0\u00a0\u00a0\u00a0\u00a0\u00a0\u00a0\u00a0 \u00a0\u00a0\u00a0\u00b7 \u00e0 la galerie Nano \u00e0 Marsanne (Dr\u00f4me) de d\u00e9but ao\u00fbt \u00e0 fin novembre 2026. Elle sera pr\u00e9sente : \u00a0\u00a0\u00a0\u00a0\u00a0\u00a0\u00a0\u00a0\u00a0\u00a0\u00a0\u00a0\u00a0\u00a0\u00a0\u00a0\u00a0\u00a0&nbsp;&nbsp;\u00b7 au march\u00e9 potier de l&rsquo;Isle-sur-la-Sorgue (Vaucluse) le 11 juillet 2026. [&hellip;]<\/p>\n","protected":false},"author":1,"featured_media":0,"parent":0,"menu_order":0,"comment_status":"closed","ping_status":"closed","template":"","meta":{"footnotes":""},"class_list":["post-218","page","type-page","status-publish","hentry"],"_links":{"self":[{"href":"https:\/\/dfmceramique.fr\/index.php\/wp-json\/wp\/v2\/pages\/218","targetHints":{"allow":["GET"]}}],"collection":[{"href":"https:\/\/dfmceramique.fr\/index.php\/wp-json\/wp\/v2\/pages"}],"about":[{"href":"https:\/\/dfmceramique.fr\/index.php\/wp-json\/wp\/v2\/types\/page"}],"author":[{"embeddable":true,"href":"https:\/\/dfmceramique.fr\/index.php\/wp-json\/wp\/v2\/users\/1"}],"replies":[{"embeddable":true,"href":"https:\/\/dfmceramique.fr\/index.php\/wp-json\/wp\/v2\/comments?post=218"}],"version-history":[{"count":38,"href":"https:\/\/dfmceramique.fr\/index.php\/wp-json\/wp\/v2\/pages\/218\/revisions"}],"predecessor-version":[{"id":1102,"href":"https:\/\/dfmceramique.fr\/index.php\/wp-json\/wp\/v2\/pages\/218\/revisions\/1102"}],"wp:attachment":[{"href":"https:\/\/dfmceramique.fr\/index.php\/wp-json\/wp\/v2\/media?parent=218"}],"curies":[{"name":"wp","href":"https:\/\/api.w.org\/{rel}","templated":true}]}}