{"id":171,"date":"2024-10-08T17:11:10","date_gmt":"2024-10-08T15:11:10","guid":{"rendered":"https:\/\/dfmceramique.fr\/?page_id=171"},"modified":"2025-03-23T12:01:11","modified_gmt":"2025-03-23T11:01:11","slug":"travail","status":"publish","type":"page","link":"https:\/\/dfmceramique.fr\/index.php\/travail\/","title":{"rendered":"Travail"},"content":{"rendered":"\n<div style=\"height:12px\" aria-hidden=\"true\" class=\"wp-block-spacer\"><\/div>\n\n\n\n<div class=\"wp-block-group alignwide has-global-padding is-content-justification-center is-layout-constrained wp-container-core-group-is-layout-bf83f040 wp-block-group-is-layout-constrained\">\n<p class=\"has-text-align-left has-text-color has-link-color wp-elements-793e24aa159453ba8c4e0df75537181a\" style=\"color:#767676;padding-right:0;padding-left:0\">&nbsp;&nbsp; De formation et de culture scientifiques (math\u00e9matiques), Danielle FABRE a une pr\u00e9dilection pour le travail de la forme, g\u00e9om\u00e9trique, r\u00e9guli\u00e8re et \u00e9quilibr\u00e9e ; cependant elle peut \u00e9galement d\u00e9former, ab\u00eemer pour sublimer la forme mais elle s&rsquo;attache toujours \u00e0 avoir des lignes sobres, \u00e9pur\u00e9es.<\/p>\n\n\n\n<p class=\"has-text-align-justify has-text-color has-link-color wp-elements-fb98d6ee14ccf2eda9ade83ce7b4ef82\" style=\"color:#767676;padding-right:0;padding-left:0\">&nbsp;&nbsp;Elle d\u00e9marre son travail par des pi\u00e8ces sculpturales de grandes dimensions, d\u2019architecture plus ou moins asym\u00e9trique en fa\u00efence rouge \u00e9maill\u00e9e, puis tout en passant \u00e0 un format plus petit, elle poursuit sa recherche personnelle sur les volumes, avec de nombreuses influences dont les sciences bien s\u00fbr, la nature &#8230;<\/p>\n\n\n\n<p class=\"has-text-align-justify has-text-color has-link-color wp-elements-f944ce4d2108cbdf0af394dd90bce5ad\" style=\"color:#767676\">&nbsp;&nbsp;Elle travaille maintenant sur des pi\u00e8ces uniquement d\u00e9coratives, lisses au toucher, aux teintes quasiment min\u00e9rales, en privil\u00e9giant toujours la ligne et la sobri\u00e9t\u00e9 esth\u00e9tique. Elle travaille la fa\u00efence blanche (lisse ou chamott\u00e9e) \u00e0 la plaque, par estampage et modelage. Ses cr\u00e9ations sont enti\u00e8rement faites \u00e0 la main et chacune est unique.<\/p>\n\n\n\n<div style=\"height:2em\" aria-hidden=\"true\" class=\"wp-block-spacer\"><\/div>\n\n\n\n<div class=\"wp-block-columns is-layout-flex wp-container-core-columns-is-layout-28f84493 wp-block-columns-is-layout-flex\">\n<div class=\"wp-block-column is-layout-flow wp-block-column-is-layout-flow\" style=\"flex-basis:16%\"><\/div>\n\n\n\n<div class=\"wp-block-column is-layout-flow wp-block-column-is-layout-flow\" style=\"flex-basis:34%\">\n<div class=\"wp-block-cover is-light has-custom-content-position is-position-top-left has-border-color has-contrast-3-border-color has-base-2-color has-text-color has-link-color has-small-font-size wp-elements-a7022d4776730441b45c98618ed7e6aa wp-duotone-unset-1\" style=\"border-width:2px;margin-top:0;margin-bottom:0;padding-top:0;padding-bottom:0;min-height:200px;aspect-ratio:unset;\"><span aria-hidden=\"true\" class=\"wp-block-cover__background has-background-dim-10 has-background-dim\"><\/span><img loading=\"lazy\" decoding=\"async\" width=\"1024\" height=\"887\" class=\"wp-block-cover__image-background wp-image-150\" alt=\"\" src=\"https:\/\/dfmceramique.fr\/wp-content\/uploads\/2024\/10\/outre_05-1024x887.jpg\" style=\"object-position:51% 30%\" data-object-fit=\"cover\" data-object-position=\"51% 30%\" srcset=\"https:\/\/dfmceramique.fr\/wp-content\/uploads\/2024\/10\/outre_05-1024x887.jpg 1024w, https:\/\/dfmceramique.fr\/wp-content\/uploads\/2024\/10\/outre_05-300x260.jpg 300w, https:\/\/dfmceramique.fr\/wp-content\/uploads\/2024\/10\/outre_05-768x666.jpg 768w, https:\/\/dfmceramique.fr\/wp-content\/uploads\/2024\/10\/outre_05.jpg 1080w\" sizes=\"auto, (max-width: 1024px) 100vw, 1024px\" \/><div class=\"wp-block-cover__inner-container is-layout-flow wp-container-core-cover-is-layout-4fa898ef wp-block-cover-is-layout-flow\">\n<p class=\"has-text-align-center has-base-2-color has-text-color has-link-color has-small-font-size wp-elements-7680a771bb60b0405faceba27ea2dbe6\" style=\"margin-top:0;margin-bottom:0\"><a href=\"https:\/\/dfmceramique.fr\/index.php\/travail\/outres\/\" data-type=\"page\" data-id=\"147\">OUTRES<\/a><\/p>\n<\/div><\/div>\n\n\n\n<div style=\"height:1px\" aria-hidden=\"true\" class=\"wp-block-spacer\"><\/div>\n\n\n\n<div class=\"wp-block-cover is-light has-custom-content-position is-position-top-left has-border-color has-contrast-3-border-color has-base-2-color has-text-color has-link-color has-small-font-size wp-elements-3cb0fea1305668198490070372c79182 wp-duotone-unset-2\" style=\"border-width:2px;margin-top:0;margin-bottom:0;padding-top:0;padding-bottom:0;min-height:150px;aspect-ratio:unset;\"><span aria-hidden=\"true\" class=\"wp-block-cover__background has-background-dim-10 has-background-dim\"><\/span><img loading=\"lazy\" decoding=\"async\" width=\"1024\" height=\"475\" class=\"wp-block-cover__image-background wp-image-173\" alt=\"\" src=\"https:\/\/dfmceramique.fr\/wp-content\/uploads\/2024\/10\/20230513_141906-1024x475.jpg\" style=\"object-position:48% 69%\" data-object-fit=\"cover\" data-object-position=\"48% 69%\" srcset=\"https:\/\/dfmceramique.fr\/wp-content\/uploads\/2024\/10\/20230513_141906-1024x475.jpg 1024w, https:\/\/dfmceramique.fr\/wp-content\/uploads\/2024\/10\/20230513_141906-300x139.jpg 300w, https:\/\/dfmceramique.fr\/wp-content\/uploads\/2024\/10\/20230513_141906-768x356.jpg 768w, https:\/\/dfmceramique.fr\/wp-content\/uploads\/2024\/10\/20230513_141906-1536x713.jpg 1536w, https:\/\/dfmceramique.fr\/wp-content\/uploads\/2024\/10\/20230513_141906-2048x950.jpg 2048w\" sizes=\"auto, (max-width: 1024px) 100vw, 1024px\" \/><div class=\"wp-block-cover__inner-container is-layout-flow wp-container-core-cover-is-layout-4fa898ef wp-block-cover-is-layout-flow\">\n<p class=\"has-text-align-center has-base-2-color has-text-color has-link-color has-small-font-size wp-elements-0c4364a1d0b2fa6a31079d2ea37a3ff8\" style=\"margin-top:0;margin-bottom:0\"><a href=\"https:\/\/dfmceramique.fr\/index.php\/graines\/\" data-type=\"page\" data-id=\"554\">GRAINES<\/a><\/p>\n<\/div><\/div>\n\n\n\n<div class=\"wp-block-cover has-custom-content-position is-position-top-left has-border-color has-contrast-3-border-color has-base-2-color has-text-color has-link-color has-small-font-size wp-elements-42692e8c8b64a79ffe629bbef2676ba8\" style=\"border-width:2px;min-height:75px;aspect-ratio:unset;\"><span aria-hidden=\"true\" class=\"wp-block-cover__background has-background-dim-10 has-background-dim\"><\/span><img loading=\"lazy\" decoding=\"async\" width=\"1080\" height=\"1080\" class=\"wp-block-cover__image-background wp-image-807\" alt=\"\" src=\"https:\/\/dfmceramique.fr\/wp-content\/uploads\/2025\/03\/sentinelle_01.jpg\" style=\"object-position:56% 28%\" data-object-fit=\"cover\" data-object-position=\"56% 28%\" srcset=\"https:\/\/dfmceramique.fr\/wp-content\/uploads\/2025\/03\/sentinelle_01.jpg 1080w, https:\/\/dfmceramique.fr\/wp-content\/uploads\/2025\/03\/sentinelle_01-300x300.jpg 300w, https:\/\/dfmceramique.fr\/wp-content\/uploads\/2025\/03\/sentinelle_01-1024x1024.jpg 1024w, https:\/\/dfmceramique.fr\/wp-content\/uploads\/2025\/03\/sentinelle_01-150x150.jpg 150w, https:\/\/dfmceramique.fr\/wp-content\/uploads\/2025\/03\/sentinelle_01-768x768.jpg 768w\" sizes=\"auto, (max-width: 1080px) 100vw, 1080px\" \/><div class=\"wp-block-cover__inner-container is-layout-flow wp-block-cover-is-layout-flow\">\n<p class=\"has-text-align-center has-base-2-color has-text-color has-link-color has-small-font-size wp-elements-f42f9df816ca9181ab791ca181a5eb66\" style=\"margin-top:0;margin-bottom:0\"><a href=\"https:\/\/dfmceramique.fr\/index.php\/travail\/sentinelles\/\" data-type=\"page\" data-id=\"732\">SENTINELLES<\/a><\/p>\n<\/div><\/div>\n<\/div>\n\n\n\n<div class=\"wp-block-column is-layout-flow wp-block-column-is-layout-flow\" style=\"flex-basis:34%\">\n<div class=\"wp-block-cover is-light has-custom-content-position is-position-top-right has-border-color has-contrast-3-border-color has-base-2-color has-text-color has-link-color has-small-font-size wp-elements-ec0d9d15ca061d6c4062c683bd60ea82 wp-duotone-unset-3\" style=\"border-width:2px;margin-top:0;margin-bottom:0;padding-top:0;padding-bottom:0;min-height:150px;aspect-ratio:unset;\"><span aria-hidden=\"true\" class=\"wp-block-cover__background has-background-dim-0 has-background-dim\" style=\"background-color:#c7bdb7\"><\/span><img loading=\"lazy\" decoding=\"async\" width=\"766\" height=\"766\" class=\"wp-block-cover__image-background wp-image-527\" alt=\"\" src=\"https:\/\/dfmceramique.fr\/wp-content\/uploads\/2025\/02\/graine_plate_vignette_05.jpg\" data-object-fit=\"cover\" srcset=\"https:\/\/dfmceramique.fr\/wp-content\/uploads\/2025\/02\/graine_plate_vignette_05.jpg 766w, https:\/\/dfmceramique.fr\/wp-content\/uploads\/2025\/02\/graine_plate_vignette_05-300x300.jpg 300w, https:\/\/dfmceramique.fr\/wp-content\/uploads\/2025\/02\/graine_plate_vignette_05-150x150.jpg 150w\" sizes=\"auto, (max-width: 766px) 100vw, 766px\" \/><div class=\"wp-block-cover__inner-container is-layout-flow wp-container-core-cover-is-layout-4fa898ef wp-block-cover-is-layout-flow\">\n<p class=\"has-text-align-center has-base-2-color has-text-color has-link-color has-small-font-size wp-elements-314d501818abe47303ba923a2b3a4019\" style=\"margin-top:0;margin-bottom:0\"><a href=\"https:\/\/dfmceramique.fr\/index.php\/travail\/68-2\/\" data-type=\"page\" data-id=\"68\">GRAINES PLATES<\/a><\/p>\n<\/div><\/div>\n\n\n\n<div style=\"height:1px\" aria-hidden=\"true\" class=\"wp-block-spacer\"><\/div>\n\n\n\n<div class=\"wp-block-cover is-light has-custom-content-position is-position-top-right has-border-color has-contrast-3-border-color has-base-2-color has-text-color has-link-color has-small-font-size wp-elements-09adfc2dc1d79e724e380378b9c3f307 wp-duotone-unset-4\" style=\"border-width:2px;margin-top:0;margin-bottom:0;padding-top:0;padding-bottom:0;min-height:92px;aspect-ratio:unset;\"><span aria-hidden=\"true\" class=\"wp-block-cover__background has-background-dim-10 has-background-dim\" style=\"background-color:#cecbc8\"><\/span><img loading=\"lazy\" decoding=\"async\" width=\"562\" height=\"292\" class=\"wp-block-cover__image-background wp-image-1005\" alt=\"\" src=\"https:\/\/dfmceramique.fr\/wp-content\/uploads\/2025\/03\/deco_murale_presentation-1.jpg\" style=\"object-position:52% 63%\" data-object-fit=\"cover\" data-object-position=\"52% 63%\" srcset=\"https:\/\/dfmceramique.fr\/wp-content\/uploads\/2025\/03\/deco_murale_presentation-1.jpg 562w, https:\/\/dfmceramique.fr\/wp-content\/uploads\/2025\/03\/deco_murale_presentation-1-300x156.jpg 300w\" sizes=\"auto, (max-width: 562px) 100vw, 562px\" \/><div class=\"wp-block-cover__inner-container is-layout-flow wp-container-core-cover-is-layout-4fa898ef wp-block-cover-is-layout-flow\">\n<p class=\"has-text-align-center has-base-2-color has-text-color has-link-color has-small-font-size wp-elements-42ebc185ed6ee6eec64878beeb094c73\" style=\"margin-top:0;margin-bottom:0\"><a href=\"https:\/\/dfmceramique.fr\/index.php\/travail\/ecus\/\" data-type=\"page\" data-id=\"116\">D\u00c9CORATIONS MURALES<\/a><\/p>\n<\/div><\/div>\n\n\n\n<div style=\"height:1px\" aria-hidden=\"true\" class=\"wp-block-spacer\"><\/div>\n\n\n\n<div class=\"wp-block-cover has-custom-content-position is-position-top-right has-border-color has-contrast-3-border-color has-base-2-color has-text-color has-link-color has-small-font-size wp-elements-eef83d0c1d308afdacf2b156f8c88bf0 wp-duotone-unset-5\" style=\"border-width:2px;margin-top:0;margin-bottom:0;padding-top:0;padding-bottom:0;min-height:183px;aspect-ratio:unset;\"><span aria-hidden=\"true\" class=\"wp-block-cover__background has-background-dim-10 has-background-dim\"><\/span><img loading=\"lazy\" decoding=\"async\" width=\"1000\" height=\"636\" class=\"wp-block-cover__image-background wp-image-174\" alt=\"\" src=\"https:\/\/dfmceramique.fr\/wp-content\/uploads\/2024\/10\/galets_05.jpg\" style=\"object-position:52% 16%\" data-object-fit=\"cover\" data-object-position=\"52% 16%\" srcset=\"https:\/\/dfmceramique.fr\/wp-content\/uploads\/2024\/10\/galets_05.jpg 1000w, https:\/\/dfmceramique.fr\/wp-content\/uploads\/2024\/10\/galets_05-300x191.jpg 300w, https:\/\/dfmceramique.fr\/wp-content\/uploads\/2024\/10\/galets_05-768x488.jpg 768w\" sizes=\"auto, (max-width: 1000px) 100vw, 1000px\" \/><div class=\"wp-block-cover__inner-container is-layout-flow wp-container-core-cover-is-layout-4fa898ef wp-block-cover-is-layout-flow\">\n<p class=\"has-text-align-center has-base-2-color has-text-color has-link-color has-small-font-size wp-elements-6ba655d899dea64d5648b86544d157f3\" style=\"margin-top:0;margin-bottom:0\"><a href=\"https:\/\/dfmceramique.fr\/index.php\/travail\/galets\/\" data-type=\"page\" data-id=\"116\">GALETS<\/a><\/p>\n<\/div><\/div>\n<\/div>\n\n\n\n<div class=\"wp-block-column is-layout-flow wp-block-column-is-layout-flow\" style=\"flex-basis:16%\"><\/div>\n<\/div>\n<\/div>\n\n\n\n<p>&nbsp;&nbsp;<\/p>\n\n\n\n<p><\/p>\n","protected":false},"excerpt":{"rendered":"<p>&nbsp;&nbsp; De formation et de culture scientifiques (math\u00e9matiques), Danielle FABRE a une pr\u00e9dilection pour le travail de la forme, g\u00e9om\u00e9trique, r\u00e9guli\u00e8re et \u00e9quilibr\u00e9e ; cependant elle peut \u00e9galement d\u00e9former, ab\u00eemer pour sublimer la forme mais elle s&rsquo;attache toujours \u00e0 avoir des lignes sobres, \u00e9pur\u00e9es. &nbsp;&nbsp;Elle d\u00e9marre son travail par des pi\u00e8ces sculpturales de grandes dimensions, [&hellip;]<\/p>\n","protected":false},"author":1,"featured_media":0,"parent":0,"menu_order":0,"comment_status":"closed","ping_status":"closed","template":"","meta":{"footnotes":""},"class_list":["post-171","page","type-page","status-publish","hentry"],"_links":{"self":[{"href":"https:\/\/dfmceramique.fr\/index.php\/wp-json\/wp\/v2\/pages\/171","targetHints":{"allow":["GET"]}}],"collection":[{"href":"https:\/\/dfmceramique.fr\/index.php\/wp-json\/wp\/v2\/pages"}],"about":[{"href":"https:\/\/dfmceramique.fr\/index.php\/wp-json\/wp\/v2\/types\/page"}],"author":[{"embeddable":true,"href":"https:\/\/dfmceramique.fr\/index.php\/wp-json\/wp\/v2\/users\/1"}],"replies":[{"embeddable":true,"href":"https:\/\/dfmceramique.fr\/index.php\/wp-json\/wp\/v2\/comments?post=171"}],"version-history":[{"count":86,"href":"https:\/\/dfmceramique.fr\/index.php\/wp-json\/wp\/v2\/pages\/171\/revisions"}],"predecessor-version":[{"id":1006,"href":"https:\/\/dfmceramique.fr\/index.php\/wp-json\/wp\/v2\/pages\/171\/revisions\/1006"}],"wp:attachment":[{"href":"https:\/\/dfmceramique.fr\/index.php\/wp-json\/wp\/v2\/media?parent=171"}],"curies":[{"name":"wp","href":"https:\/\/api.w.org\/{rel}","templated":true}]}}